{"id":28138,"date":"2024-10-26T16:26:51","date_gmt":"2024-10-26T16:26:51","guid":{"rendered":"https:\/\/technomazon.com\/?post_type=product&#038;p=28138"},"modified":"2026-02-14T08:27:08","modified_gmt":"2026-02-14T08:27:08","slug":"dst7022-40-parno-glacalo-serije-7000-crno-crveno","status":"publish","type":"product","link":"https:\/\/technomazon.com\/hr\/izdelek\/dst7022-40-parni-likalnik-series-7000-crna-rdeca\/","title":{"rendered":"DST7022\/40 Parno gla\u010dalo serije 7000 crno\/crveno"},"content":{"rendered":"<div data-elementor-type=\"wp-post\" data-elementor-id=\"28138\" class=\"elementor elementor-28138\" data-elementor-post-type=\"product\">\n\t\t\t\t<div class=\"wd-negative-gap elementor-element elementor-element-2183af2 e-flex e-con-boxed e-con e-parent\" data-id=\"2183af2\" data-element_type=\"container\" data-e-type=\"container\">\n\t\t\t\t\t<div class=\"e-con-inner\">\n\t\t<div class=\"elementor-element elementor-element-faaeb8f e-con-full e-flex e-con e-child\" data-id=\"faaeb8f\" data-element_type=\"container\" data-e-type=\"container\">\n\t\t\t\t<div class=\"elementor-element elementor-element-3e5651c elementor-widget elementor-widget-image\" data-id=\"3e5651c\" data-element_type=\"widget\" data-e-type=\"widget\" data-widget_type=\"image.default\">\n\t\t\t\t<div class=\"elementor-widget-container\">\n\t\t\t\t\t\t\t\t\t\t\t\t\t\t\t<img loading=\"lazy\" decoding=\"async\" width=\"800\" height=\"800\" src=\"https:\/\/technomazon.com\/wp-content\/uploads\/2024\/10\/Philips-Home-Azur-7000-Series-DST7022-40-parni-likalnik-2800-W-crna-rdeca2-800x800.webp\" class=\"attachment-large size-large wp-image-28889\" alt=\"\" srcset=\"https:\/\/technomazon.com\/wp-content\/uploads\/2024\/10\/Philips-Home-Azur-7000-Series-DST7022-40-parni-likalnik-2800-W-crna-rdeca2-800x800.webp 800w, https:\/\/technomazon.com\/wp-content\/uploads\/2024\/10\/Philips-Home-Azur-7000-Series-DST7022-40-parni-likalnik-2800-W-crna-rdeca2-430x430.webp 430w, https:\/\/technomazon.com\/wp-content\/uploads\/2024\/10\/Philips-Home-Azur-7000-Series-DST7022-40-parni-likalnik-2800-W-crna-rdeca2-150x150.webp 150w, https:\/\/technomazon.com\/wp-content\/uploads\/2024\/10\/Philips-Home-Azur-7000-Series-DST7022-40-parni-likalnik-2800-W-crna-rdeca2-700x700.webp 700w, https:\/\/technomazon.com\/wp-content\/uploads\/2024\/10\/Philips-Home-Azur-7000-Series-DST7022-40-parni-likalnik-2800-W-crna-rdeca2-300x300.webp 300w, https:\/\/technomazon.com\/wp-content\/uploads\/2024\/10\/Philips-Home-Azur-7000-Series-DST7022-40-parni-likalnik-2800-W-crna-rdeca2-768x768.webp 768w, https:\/\/technomazon.com\/wp-content\/uploads\/2024\/10\/Philips-Home-Azur-7000-Series-DST7022-40-parni-likalnik-2800-W-crna-rdeca2.webp 1000w\" sizes=\"auto, (max-width: 800px) 100vw, 800px\" \/>\t\t\t\t\t\t\t\t\t\t\t\t\t\t\t<\/div>\n\t\t\t\t<\/div>\n\t\t\t\t<\/div>\n\t\t<div class=\"elementor-element elementor-element-8f9d669 e-con-full e-flex e-con e-child\" data-id=\"8f9d669\" data-element_type=\"container\" data-e-type=\"container\">\n\t\t\t\t<div class=\"elementor-element elementor-element-697ae3b elementor-widget elementor-widget-heading\" data-id=\"697ae3b\" data-element_type=\"widget\" data-e-type=\"widget\" data-widget_type=\"heading.default\">\n\t\t\t\t<div class=\"elementor-widget-container\">\n\t\t\t\t\t<h3 class=\"elementor-heading-title elementor-size-default\">50 g\/min neprekinjena para.<\/h3>\t\t\t\t<\/div>\n\t\t\t\t<\/div>\n\t\t\t\t<div class=\"elementor-element elementor-element-5b7265e elementor-widget elementor-widget-heading\" data-id=\"5b7265e\" data-element_type=\"widget\" data-e-type=\"widget\" data-widget_type=\"heading.default\">\n\t\t\t\t<div class=\"elementor-widget-container\">\n\t\t\t\t\t<h3 class=\"elementor-heading-title elementor-size-default\">250 g izpusta pare<\/h3>\t\t\t\t<\/div>\n\t\t\t\t<\/div>\n\t\t\t\t<div class=\"elementor-element elementor-element-f232262 elementor-widget elementor-widget-heading\" data-id=\"f232262\" data-element_type=\"widget\" data-e-type=\"widget\" data-widget_type=\"heading.default\">\n\t\t\t\t<div class=\"elementor-widget-container\">\n\t\t\t\t\t<h3 class=\"elementor-heading-title elementor-size-default\">SteamGlide Plus plo\u010da za gla\u010danje<\/h3>\t\t\t\t<\/div>\n\t\t\t\t<\/div>\n\t\t\t\t<div class=\"elementor-element elementor-element-b2239a6 elementor-widget elementor-widget-heading\" data-id=\"b2239a6\" data-element_type=\"widget\" data-e-type=\"widget\" data-widget_type=\"heading.default\">\n\t\t\t\t<div class=\"elementor-widget-container\">\n\t\t\t\t\t<h3 class=\"elementor-heading-title elementor-size-default\">Sistem proti kapljanju med likanjem ohranja obla\u010dila brez made\u017eev.<\/h3>\t\t\t\t<\/div>\n\t\t\t\t<\/div>\n\t\t\t\t<\/div>\n\t\t\t\t\t<\/div>\n\t\t\t\t<\/div>\n\t\t<div class=\"wd-negative-gap elementor-element elementor-element-7597ebc e-flex e-con-boxed e-con e-parent\" data-id=\"7597ebc\" data-element_type=\"container\" data-e-type=\"container\">\n\t\t\t\t\t<div class=\"e-con-inner\">\n\t\t<div class=\"elementor-element elementor-element-7914c80 e-con-full e-flex e-con e-child\" data-id=\"7914c80\" data-element_type=\"container\" data-e-type=\"container\">\n\t\t\t\t<div class=\"elementor-element elementor-element-9101233 elementor-widget elementor-widget-image\" data-id=\"9101233\" data-element_type=\"widget\" data-e-type=\"widget\" data-widget_type=\"image.default\">\n\t\t\t\t<div class=\"elementor-widget-container\">\n\t\t\t\t\t\t\t\t\t\t\t\t\t\t\t<img loading=\"lazy\" decoding=\"async\" width=\"700\" height=\"700\" src=\"https:\/\/technomazon.com\/wp-content\/uploads\/2024\/10\/Philips-Home-Azur-7000-Series-DST7022-40-parni-likalnik-2800-W-crna-rdeca3.jpg\" class=\"attachment-large size-large wp-image-28888\" alt=\"\" srcset=\"https:\/\/technomazon.com\/wp-content\/uploads\/2024\/10\/Philips-Home-Azur-7000-Series-DST7022-40-parni-likalnik-2800-W-crna-rdeca3.jpg 700w, https:\/\/technomazon.com\/wp-content\/uploads\/2024\/10\/Philips-Home-Azur-7000-Series-DST7022-40-parni-likalnik-2800-W-crna-rdeca3-430x430.jpg 430w, https:\/\/technomazon.com\/wp-content\/uploads\/2024\/10\/Philips-Home-Azur-7000-Series-DST7022-40-parni-likalnik-2800-W-crna-rdeca3-150x150.jpg 150w, https:\/\/technomazon.com\/wp-content\/uploads\/2024\/10\/Philips-Home-Azur-7000-Series-DST7022-40-parni-likalnik-2800-W-crna-rdeca3-300x300.jpg 300w\" sizes=\"auto, (max-width: 700px) 100vw, 700px\" \/>\t\t\t\t\t\t\t\t\t\t\t\t\t\t\t<\/div>\n\t\t\t\t<\/div>\n\t\t\t\t<\/div>\n\t\t<div class=\"elementor-element elementor-element-d446ae7 e-con-full e-flex e-con e-child\" data-id=\"d446ae7\" data-element_type=\"container\" data-e-type=\"container\">\n\t\t\t\t<div class=\"elementor-element elementor-element-00b1388 elementor-widget elementor-widget-heading\" data-id=\"00b1388\" data-element_type=\"widget\" data-e-type=\"widget\" data-widget_type=\"heading.default\">\n\t\t\t\t<div class=\"elementor-widget-container\">\n\t\t\t\t\t<h3 class=\"elementor-heading-title elementor-size-default\">Quick Calc Release za enostavno \u010di\u0161\u010denje va\u0161ega likalnika in dolgotrajno delovanje pare.<\/h3>\t\t\t\t<\/div>\n\t\t\t\t<\/div>\n\t\t\t\t<div class=\"elementor-element elementor-element-3be6fc5 elementor-widget elementor-widget-heading\" data-id=\"3be6fc5\" data-element_type=\"widget\" data-e-type=\"widget\" data-widget_type=\"heading.default\">\n\t\t\t\t<div class=\"elementor-widget-container\">\n\t\t\t\t\t<h3 class=\"elementor-heading-title elementor-size-default\">2800 W za hitro segrevanje in visoko zmogljivost.<\/h3>\t\t\t\t<\/div>\n\t\t\t\t<\/div>\n\t\t\t\t<div class=\"elementor-element elementor-element-b0508ac elementor-widget elementor-widget-heading\" data-id=\"b0508ac\" data-element_type=\"widget\" data-e-type=\"widget\" data-widget_type=\"heading.default\">\n\t\t\t\t<div class=\"elementor-widget-container\">\n\t\t\t\t\t<h3 class=\"elementor-heading-title elementor-size-default\">Zagotavlja hitro ogrevanje in zmogljivo zmogljivost za hitro opravljeno likanje.<\/h3>\t\t\t\t<\/div>\n\t\t\t\t<\/div>\n\t\t\t\t<div class=\"elementor-element elementor-element-a8beff5 elementor-widget elementor-widget-heading\" data-id=\"a8beff5\" data-element_type=\"widget\" data-e-type=\"widget\" data-widget_type=\"heading.default\">\n\t\t\t\t<div class=\"elementor-widget-container\">\n\t\t\t\t\t<h3 class=\"elementor-heading-title elementor-size-default\">Zahvaljujo\u010d velikemu 300-ml rezervoarju za vodo je potrebnih manj polnjenj, kar vam omogo\u010da, da zlikate ve\u010d obla\u010dil naenkrat.<\/h3>\t\t\t\t<\/div>\n\t\t\t\t<\/div>\n\t\t\t\t<\/div>\n\t\t\t\t\t<\/div>\n\t\t\t\t<\/div>\n\t\t<div class=\"wd-negative-gap elementor-element elementor-element-e6173a5 e-flex e-con-boxed e-con e-parent\" data-id=\"e6173a5\" data-element_type=\"container\" data-e-type=\"container\">\n\t\t\t\t\t<div class=\"e-con-inner\">\n\t\t<div class=\"elementor-element elementor-element-9ce018f e-con-full e-flex e-con e-child\" data-id=\"9ce018f\" data-element_type=\"container\" data-e-type=\"container\">\n\t\t\t\t<div class=\"elementor-element elementor-element-4f5a786 elementor-widget elementor-widget-image\" data-id=\"4f5a786\" data-element_type=\"widget\" data-e-type=\"widget\" data-widget_type=\"image.default\">\n\t\t\t\t<div class=\"elementor-widget-container\">\n\t\t\t\t\t\t\t\t\t\t\t\t\t\t\t<img loading=\"lazy\" decoding=\"async\" width=\"800\" height=\"800\" src=\"https:\/\/technomazon.com\/wp-content\/uploads\/2024\/10\/Philips-Home-Azur-7000-Series-DST7022-40-parni-likalnik-2800-W-crna-rdeca-800x800.webp\" class=\"attachment-large size-large wp-image-28891\" alt=\"\" srcset=\"https:\/\/technomazon.com\/wp-content\/uploads\/2024\/10\/Philips-Home-Azur-7000-Series-DST7022-40-parni-likalnik-2800-W-crna-rdeca-800x800.webp 800w, https:\/\/technomazon.com\/wp-content\/uploads\/2024\/10\/Philips-Home-Azur-7000-Series-DST7022-40-parni-likalnik-2800-W-crna-rdeca-430x430.webp 430w, https:\/\/technomazon.com\/wp-content\/uploads\/2024\/10\/Philips-Home-Azur-7000-Series-DST7022-40-parni-likalnik-2800-W-crna-rdeca-150x150.webp 150w, https:\/\/technomazon.com\/wp-content\/uploads\/2024\/10\/Philips-Home-Azur-7000-Series-DST7022-40-parni-likalnik-2800-W-crna-rdeca-700x700.webp 700w, https:\/\/technomazon.com\/wp-content\/uploads\/2024\/10\/Philips-Home-Azur-7000-Series-DST7022-40-parni-likalnik-2800-W-crna-rdeca-300x300.webp 300w, https:\/\/technomazon.com\/wp-content\/uploads\/2024\/10\/Philips-Home-Azur-7000-Series-DST7022-40-parni-likalnik-2800-W-crna-rdeca-768x768.webp 768w, https:\/\/technomazon.com\/wp-content\/uploads\/2024\/10\/Philips-Home-Azur-7000-Series-DST7022-40-parni-likalnik-2800-W-crna-rdeca.webp 1440w\" sizes=\"auto, (max-width: 800px) 100vw, 800px\" \/>\t\t\t\t\t\t\t\t\t\t\t\t\t\t\t<\/div>\n\t\t\t\t<\/div>\n\t\t\t\t<\/div>\n\t\t<div class=\"elementor-element elementor-element-ff3f685 e-con-full e-flex e-con e-child\" data-id=\"ff3f685\" data-element_type=\"container\" data-e-type=\"container\">\n\t\t\t\t<div class=\"elementor-element elementor-element-87e12c6 elementor-widget elementor-widget-heading\" data-id=\"87e12c6\" data-element_type=\"widget\" data-e-type=\"widget\" data-widget_type=\"heading.default\">\n\t\t\t\t<div class=\"elementor-widget-container\">\n\t\t\t\t\t<h3 class=\"elementor-heading-title elementor-size-default\">Izpust pare do 50 g\/min za hitrej\u0161e odstranjevanje gub.<\/h3>\t\t\t\t<\/div>\n\t\t\t\t<\/div>\n\t\t\t\t<div class=\"elementor-element elementor-element-3209869 elementor-widget elementor-widget-heading\" data-id=\"3209869\" data-element_type=\"widget\" data-e-type=\"widget\" data-widget_type=\"heading.default\">\n\t\t\t\t<div class=\"elementor-widget-container\">\n\t\t\t\t\t<h3 class=\"elementor-heading-title elementor-size-default\">Funkcija navpi\u010dne pare vam omogo\u010da, da osve\u017eite obla\u010dila kar na obe\u0161alniku in odstranite gube iz vise\u010dih tkanin, kot so zavese. Ni potrebna likalna deska.<\/h3>\t\t\t\t<\/div>\n\t\t\t\t<\/div>\n\t\t\t\t<div class=\"elementor-element elementor-element-c89b5af elementor-widget elementor-widget-heading\" data-id=\"c89b5af\" data-element_type=\"widget\" data-e-type=\"widget\" data-widget_type=\"heading.default\">\n\t\t\t\t<div class=\"elementor-widget-container\">\n\t\t\t\t\t<h3 class=\"elementor-heading-title elementor-size-default\">Povi\u0161an nadzor temperature in spremenljiva nastavitev pare sta enostavna in natan\u010dna za upravljanje. Vedno boste imeli pravo temperaturo in paro za va\u0161e obla\u010dilo.<\/h3>\t\t\t\t<\/div>\n\t\t\t\t<\/div>\n\t\t\t\t<\/div>\n\t\t\t\t\t<\/div>\n\t\t\t\t<\/div>\n\t\t\t\t<\/div>","protected":false},"excerpt":{"rendered":"<p>Parno gla\u010dalo DST7022\/40 va\u0161 je savr\u0161eni pomo\u0107nik pri gla\u010danju. S 2800 W snage i inovativnom SteamGlide Plus tehnologijom, lako \u0107ete ukloniti \u010dak i najtvrdokornije nabore. Njegov sna\u017ean izlaz pare od 250 g\/min osigurava brzo i u\u010dinkovito osvje\u017eavanje svakog odjevnog predmeta.<\/p>","protected":false},"featured_media":28891,"comment_status":"open","ping_status":"closed","template":"","meta":[],"product_brand":[],"product_cat":[136,175],"product_tag":[],"class_list":{"0":"post-28138","1":"product","2":"type-product","3":"status-publish","4":"has-post-thumbnail","6":"product_cat-likanje","7":"product_cat-parni-likalnik","8":"product_shipping_class-slomidi1","10":"first","11":"outofstock","12":"sale","13":"taxable","14":"shipping-taxable","15":"purchasable","16":"product-type-simple"},"_links":{"self":[{"href":"https:\/\/technomazon.com\/hr\/wp-json\/wp\/v2\/product\/28138","targetHints":{"allow":["GET"]}}],"collection":[{"href":"https:\/\/technomazon.com\/hr\/wp-json\/wp\/v2\/product"}],"about":[{"href":"https:\/\/technomazon.com\/hr\/wp-json\/wp\/v2\/types\/product"}],"replies":[{"embeddable":true,"href":"https:\/\/technomazon.com\/hr\/wp-json\/wp\/v2\/comments?post=28138"}],"version-history":[{"count":14,"href":"https:\/\/technomazon.com\/hr\/wp-json\/wp\/v2\/product\/28138\/revisions"}],"predecessor-version":[{"id":30367,"href":"https:\/\/technomazon.com\/hr\/wp-json\/wp\/v2\/product\/28138\/revisions\/30367"}],"wp:featuredmedia":[{"embeddable":true,"href":"https:\/\/technomazon.com\/hr\/wp-json\/wp\/v2\/media\/28891"}],"wp:attachment":[{"href":"https:\/\/technomazon.com\/hr\/wp-json\/wp\/v2\/media?parent=28138"}],"wp:term":[{"taxonomy":"product_brand","embeddable":true,"href":"https:\/\/technomazon.com\/hr\/wp-json\/wp\/v2\/product_brand?post=28138"},{"taxonomy":"product_cat","embeddable":true,"href":"https:\/\/technomazon.com\/hr\/wp-json\/wp\/v2\/product_cat?post=28138"},{"taxonomy":"product_tag","embeddable":true,"href":"https:\/\/technomazon.com\/hr\/wp-json\/wp\/v2\/product_tag?post=28138"}],"curies":[{"name":"wp","href":"https:\/\/api.w.org\/{rel}","templated":true}]}}