{"id":28391,"date":"2024-10-27T11:24:56","date_gmt":"2024-10-27T11:24:56","guid":{"rendered":"https:\/\/technomazon.com\/?post_type=product&#038;p=28391"},"modified":"2026-01-20T10:13:57","modified_gmt":"2026-01-20T10:13:57","slug":"philips-sisac-za-kosu-hc3525-15-serija-3000","status":"publish","type":"product","link":"https:\/\/technomazon.com\/hr\/izdelek\/philips-striznik-las-hc3525-15-series-3000\/","title":{"rendered":"Philips \u0161i\u0161a\u010d za kosu HC3525\/15 serije 3000"},"content":{"rendered":"<div data-elementor-type=\"wp-post\" data-elementor-id=\"28391\" class=\"elementor elementor-28391\" data-elementor-post-type=\"product\">\n\t\t\t\t<div class=\"wd-negative-gap elementor-element elementor-element-1865494 e-flex e-con-boxed e-con e-parent\" data-id=\"1865494\" data-element_type=\"container\" data-e-type=\"container\">\n\t\t\t\t\t<div class=\"e-con-inner\">\n\t\t<div class=\"elementor-element elementor-element-3d68a22 e-con-full e-flex e-con e-child\" data-id=\"3d68a22\" data-element_type=\"container\" data-e-type=\"container\">\n\t\t\t\t<div class=\"elementor-element elementor-element-f3b849a elementor-widget elementor-widget-image\" data-id=\"f3b849a\" data-element_type=\"widget\" data-e-type=\"widget\" data-widget_type=\"image.default\">\n\t\t\t\t<div class=\"elementor-widget-container\">\n\t\t\t\t\t\t\t\t\t\t\t\t\t\t\t<img loading=\"lazy\" decoding=\"async\" width=\"700\" height=\"394\" src=\"https:\/\/technomazon.com\/wp-content\/uploads\/2024\/10\/Philips-Series-3000-striznik-las-HC3525-15-2.webp\" class=\"attachment-large size-large wp-image-28947\" alt=\"\" srcset=\"https:\/\/technomazon.com\/wp-content\/uploads\/2024\/10\/Philips-Series-3000-striznik-las-HC3525-15-2.webp 700w, https:\/\/technomazon.com\/wp-content\/uploads\/2024\/10\/Philips-Series-3000-striznik-las-HC3525-15-2-430x242.webp 430w, https:\/\/technomazon.com\/wp-content\/uploads\/2024\/10\/Philips-Series-3000-striznik-las-HC3525-15-2-150x84.webp 150w, https:\/\/technomazon.com\/wp-content\/uploads\/2024\/10\/Philips-Series-3000-striznik-las-HC3525-15-2-400x225.webp 400w\" sizes=\"auto, (max-width: 700px) 100vw, 700px\" \/>\t\t\t\t\t\t\t\t\t\t\t\t\t\t\t<\/div>\n\t\t\t\t<\/div>\n\t\t\t\t<\/div>\n\t\t<div class=\"elementor-element elementor-element-ac48a8c e-con-full e-flex e-con e-child\" data-id=\"ac48a8c\" data-element_type=\"container\" data-e-type=\"container\">\n\t\t\t\t<div class=\"elementor-element elementor-element-c29fa13 elementor-widget elementor-widget-heading\" data-id=\"c29fa13\" data-element_type=\"widget\" data-e-type=\"widget\" data-widget_type=\"heading.default\">\n\t\t\t\t<div class=\"elementor-widget-container\">\n\t\t\t\t\t<h3 class=\"elementor-heading-title elementor-size-default\">Pobolj\u0161ani DuraPower dizajn za dulji vijek trajanja baterije<\/h3>\t\t\t\t<\/div>\n\t\t\t\t<\/div>\n\t\t\t\t<div class=\"elementor-element elementor-element-7dade82 elementor-widget elementor-widget-wd_text_block\" data-id=\"7dade82\" data-element_type=\"widget\" data-e-type=\"widget\" data-widget_type=\"wd_text_block.default\">\n\t\t\t\t<div class=\"elementor-widget-container\">\n\t\t\t\t\t\t\t<div class=\"wd-text-block reset-last-child text-left\">\n\t\t\t\n\t\t\t<p>Ure\u0111aj na koji se mo\u017eete osloniti kada vam je potreban sjajan izgled. DuraPower tehnologija \u0161titi motor i bateriju od preoptere\u0107enja, u\u010dinkovito produ\u017euju\u0107i vijek trajanja stroja za \u0161i\u0161anje.<\/p>\n\t\t\t\t\t<\/div>\n\t\t\t\t\t\t<\/div>\n\t\t\t\t<\/div>\n\t\t\t\t<div class=\"elementor-element elementor-element-b8f9f40 elementor-widget elementor-widget-heading\" data-id=\"b8f9f40\" data-element_type=\"widget\" data-e-type=\"widget\" data-widget_type=\"heading.default\">\n\t\t\t\t<div class=\"elementor-widget-container\">\n\t\t\t\t\t<h3 class=\"elementor-heading-title elementor-size-default\">Jednostavno pode\u0161avanje duljine dlake od 0,5 do 23 mm<\/h3>\t\t\t\t<\/div>\n\t\t\t\t<\/div>\n\t\t\t\t<div class=\"elementor-element elementor-element-748b5f6 elementor-widget elementor-widget-wd_text_block\" data-id=\"748b5f6\" data-element_type=\"widget\" data-e-type=\"widget\" data-widget_type=\"wd_text_block.default\">\n\t\t\t\t<div class=\"elementor-widget-container\">\n\t\t\t\t\t\t\t<div class=\"wd-text-block reset-last-child text-left\">\n\t\t\t\n\t\t\t<p>Jednostavno i precizno podesite duljinu \u0161i\u0161anja. Birajte izme\u0111u 12 postavki od 1 do 23 mm u koracima od 2 mm. Ili jednostavno uklonite \u010de\u0161alj za podrezivanje na 0,5 mm.<\/p>\n\t\t\t\t\t<\/div>\n\t\t\t\t\t\t<\/div>\n\t\t\t\t<\/div>\n\t\t\t\t<\/div>\n\t\t\t\t\t<\/div>\n\t\t\t\t<\/div>\n\t\t<div class=\"wd-negative-gap elementor-element elementor-element-d6b51b3 e-flex e-con-boxed e-con e-parent\" data-id=\"d6b51b3\" data-element_type=\"container\" data-e-type=\"container\">\n\t\t\t\t\t<div class=\"e-con-inner\">\n\t\t<div class=\"elementor-element elementor-element-4530b35 e-con-full e-flex e-con e-child\" data-id=\"4530b35\" data-element_type=\"container\" data-e-type=\"container\">\n\t\t\t\t<div class=\"elementor-element elementor-element-e9a9e6f elementor-widget elementor-widget-image\" data-id=\"e9a9e6f\" data-element_type=\"widget\" data-e-type=\"widget\" data-widget_type=\"image.default\">\n\t\t\t\t<div class=\"elementor-widget-container\">\n\t\t\t\t\t\t\t\t\t\t\t\t\t\t\t<img loading=\"lazy\" decoding=\"async\" width=\"700\" height=\"394\" src=\"https:\/\/technomazon.com\/wp-content\/uploads\/2024\/10\/Philips-Series-3000-striznik-las-HC3525-152.webp\" class=\"attachment-large size-large wp-image-28945\" alt=\"\" srcset=\"https:\/\/technomazon.com\/wp-content\/uploads\/2024\/10\/Philips-Series-3000-striznik-las-HC3525-152.webp 700w, https:\/\/technomazon.com\/wp-content\/uploads\/2024\/10\/Philips-Series-3000-striznik-las-HC3525-152-430x242.webp 430w, https:\/\/technomazon.com\/wp-content\/uploads\/2024\/10\/Philips-Series-3000-striznik-las-HC3525-152-150x84.webp 150w, https:\/\/technomazon.com\/wp-content\/uploads\/2024\/10\/Philips-Series-3000-striznik-las-HC3525-152-400x225.webp 400w\" sizes=\"auto, (max-width: 700px) 100vw, 700px\" \/>\t\t\t\t\t\t\t\t\t\t\t\t\t\t\t<\/div>\n\t\t\t\t<\/div>\n\t\t\t\t<\/div>\n\t\t<div class=\"elementor-element elementor-element-4e0925c e-con-full e-flex e-con e-child\" data-id=\"4e0925c\" data-element_type=\"container\" data-e-type=\"container\">\n\t\t\t\t<div class=\"elementor-element elementor-element-78a1a9b elementor-widget elementor-widget-heading\" data-id=\"78a1a9b\" data-element_type=\"widget\" data-e-type=\"widget\" data-widget_type=\"heading.default\">\n\t\t\t\t<div class=\"elementor-widget-container\">\n\t\t\t\t\t<h3 class=\"elementor-heading-title elementor-size-default\">Samoo\u0161tre\u0107e \u010deli\u010dne o\u0161trice koje ne zahtijevaju podmazivanje<\/h3>\t\t\t\t<\/div>\n\t\t\t\t<\/div>\n\t\t\t\t<div class=\"elementor-element elementor-element-b584710 elementor-widget elementor-widget-wd_text_block\" data-id=\"b584710\" data-element_type=\"widget\" data-e-type=\"widget\" data-widget_type=\"wd_text_block.default\">\n\t\t\t\t<div class=\"elementor-widget-container\">\n\t\t\t\t\t\t\t<div class=\"wd-text-block reset-last-child text-left\">\n\t\t\t\n\t\t\t<p>Uredan izgled nikad nije bio lak\u0161i za postizanje. Na\u0161 stroj za \u0161i\u0161anje kose ima samoo\u0161tre\u0107e o\u0161trice koje su izuzetno izdr\u017eljive i pru\u017eaju precizno \u0161i\u0161anje od prvog dana do pet godina i dulje.<\/p>\n\t\t\t\t\t<\/div>\n\t\t\t\t\t\t<\/div>\n\t\t\t\t<\/div>\n\t\t\t\t<div class=\"elementor-element elementor-element-9fd2eea elementor-widget elementor-widget-heading\" data-id=\"9fd2eea\" data-element_type=\"widget\" data-e-type=\"widget\" data-widget_type=\"heading.default\">\n\t\t\t\t<div class=\"elementor-widget-container\">\n\t\t\t\t\t<h3 class=\"elementor-heading-title elementor-size-default\">45 minuta be\u017ei\u010dne upotrebe ili neograni\u010dena upotreba s kabelom<\/h3>\t\t\t\t<\/div>\n\t\t\t\t<\/div>\n\t\t\t\t<div class=\"elementor-element elementor-element-3dd28a2 elementor-widget elementor-widget-wd_text_block\" data-id=\"3dd28a2\" data-element_type=\"widget\" data-e-type=\"widget\" data-widget_type=\"wd_text_block.default\">\n\t\t\t\t<div class=\"elementor-widget-container\">\n\t\t\t\t\t\t\t<div class=\"wd-text-block reset-last-child text-left\">\n\t\t\t\n\t\t\t<p>Nema nereda pri kori\u0161tenju be\u017ei\u010dnog trimera. Jedno punjenje od 8 sati omogu\u0107uje do 45 minuta sna\u017enog \u0161i\u0161anja ili, ako vam je potrebno kontinuirano \u0161i\u0161anje, ostavite trimer uklju\u010den u struju.<\/p>\n\t\t\t\t\t<\/div>\n\t\t\t\t\t\t<\/div>\n\t\t\t\t<\/div>\n\t\t\t\t<\/div>\n\t\t\t\t\t<\/div>\n\t\t\t\t<\/div>\n\t\t<div class=\"wd-negative-gap elementor-element elementor-element-512b801 e-flex e-con-boxed e-con e-parent\" data-id=\"512b801\" data-element_type=\"container\" data-e-type=\"container\">\n\t\t\t\t\t<div class=\"e-con-inner\">\n\t\t<div class=\"elementor-element elementor-element-70462e8 e-con-full e-flex e-con e-child\" data-id=\"70462e8\" data-element_type=\"container\" data-e-type=\"container\">\n\t\t\t\t<div class=\"elementor-element elementor-element-81e8e54 elementor-widget elementor-widget-image\" data-id=\"81e8e54\" data-element_type=\"widget\" data-e-type=\"widget\" data-widget_type=\"image.default\">\n\t\t\t\t<div class=\"elementor-widget-container\">\n\t\t\t\t\t\t\t\t\t\t\t\t\t\t\t<img loading=\"lazy\" decoding=\"async\" width=\"700\" height=\"394\" src=\"https:\/\/technomazon.com\/wp-content\/uploads\/2024\/10\/Philips-Series-3000-striznik-las-HC3525-15-4.webp\" class=\"attachment-large size-large wp-image-28949\" alt=\"\" srcset=\"https:\/\/technomazon.com\/wp-content\/uploads\/2024\/10\/Philips-Series-3000-striznik-las-HC3525-15-4.webp 700w, https:\/\/technomazon.com\/wp-content\/uploads\/2024\/10\/Philips-Series-3000-striznik-las-HC3525-15-4-430x242.webp 430w, https:\/\/technomazon.com\/wp-content\/uploads\/2024\/10\/Philips-Series-3000-striznik-las-HC3525-15-4-150x84.webp 150w, https:\/\/technomazon.com\/wp-content\/uploads\/2024\/10\/Philips-Series-3000-striznik-las-HC3525-15-4-400x225.webp 400w\" sizes=\"auto, (max-width: 700px) 100vw, 700px\" \/>\t\t\t\t\t\t\t\t\t\t\t\t\t\t\t<\/div>\n\t\t\t\t<\/div>\n\t\t\t\t<\/div>\n\t\t<div class=\"elementor-element elementor-element-d6a91a4 e-con-full e-flex e-con e-child\" data-id=\"d6a91a4\" data-element_type=\"container\" data-e-type=\"container\">\n\t\t\t\t<div class=\"elementor-element elementor-element-f118234 elementor-widget elementor-widget-heading\" data-id=\"f118234\" data-element_type=\"widget\" data-e-type=\"widget\" data-widget_type=\"heading.default\">\n\t\t\t\t<div class=\"elementor-widget-container\">\n\t\t\t\t\t<h3 class=\"elementor-heading-title elementor-size-default\">Ergonomski dizajn s udobnim hvatom<\/h3>\t\t\t\t<\/div>\n\t\t\t\t<\/div>\n\t\t\t\t<div class=\"elementor-element elementor-element-f99e89b elementor-widget elementor-widget-wd_text_block\" data-id=\"f99e89b\" data-element_type=\"widget\" data-e-type=\"widget\" data-widget_type=\"wd_text_block.default\">\n\t\t\t\t<div class=\"elementor-widget-container\">\n\t\t\t\t\t\t\t<div class=\"wd-text-block reset-last-child text-left\">\n\t\t\t\n\t\t\t<p>Philipsov trimer ima teksturiranu ru\u010dku za jednostavno kori\u0161tenje, tako da mo\u017eete rezati kosu na kontroliran i udoban na\u010din.<\/p>\n\t\t\t\t\t<\/div>\n\t\t\t\t\t\t<\/div>\n\t\t\t\t<\/div>\n\t\t\t\t<div class=\"elementor-element elementor-element-2847884 elementor-widget elementor-widget-heading\" data-id=\"2847884\" data-element_type=\"widget\" data-e-type=\"widget\" data-widget_type=\"heading.default\">\n\t\t\t\t<div class=\"elementor-widget-container\">\n\t\t\t\t\t<h3 class=\"elementor-heading-title elementor-size-default\">O\u0161trice za brzo otpu\u0161tanje za jednostavno \u010di\u0161\u0107enje<\/h3>\t\t\t\t<\/div>\n\t\t\t\t<\/div>\n\t\t\t\t<div class=\"elementor-element elementor-element-7c469b5 elementor-widget elementor-widget-wd_text_block\" data-id=\"7c469b5\" data-element_type=\"widget\" data-e-type=\"widget\" data-widget_type=\"wd_text_block.default\">\n\t\t\t\t<div class=\"elementor-widget-container\">\n\t\t\t\t\t\t\t<div class=\"wd-text-block reset-last-child text-left\">\n\t\t\t\n\t\t\t<p>Elektri\u010dni \u0161i\u0161a\u010d za kosu jednostavan je za \u010di\u0161\u0107enje. Jednostavno otvorite glavu kako biste oslobodili i o\u010distili o\u0161trice.<\/p>\n\t\t\t\t\t<\/div>\n\t\t\t\t\t\t<\/div>\n\t\t\t\t<\/div>\n\t\t\t\t<\/div>\n\t\t\t\t\t<\/div>\n\t\t\t\t<\/div>\n\t\t<div class=\"wd-negative-gap elementor-element elementor-element-96c07ce e-flex e-con-boxed e-con e-parent\" data-id=\"96c07ce\" data-element_type=\"container\" data-e-type=\"container\">\n\t\t\t\t\t<div class=\"e-con-inner\">\n\t\t<div class=\"elementor-element elementor-element-cadcd47 e-con-full e-flex e-con e-child\" data-id=\"cadcd47\" data-element_type=\"container\" data-e-type=\"container\">\n\t\t\t\t<div class=\"elementor-element elementor-element-248dd6f elementor-widget elementor-widget-image\" data-id=\"248dd6f\" data-element_type=\"widget\" data-e-type=\"widget\" data-widget_type=\"image.default\">\n\t\t\t\t<div class=\"elementor-widget-container\">\n\t\t\t\t\t\t\t\t\t\t\t\t\t\t\t<img loading=\"lazy\" decoding=\"async\" width=\"700\" height=\"394\" src=\"https:\/\/technomazon.com\/wp-content\/uploads\/2024\/10\/Philips-Series-3000-striznik-las-HC3525-15-1.webp\" class=\"attachment-large size-large wp-image-28948\" alt=\"\" srcset=\"https:\/\/technomazon.com\/wp-content\/uploads\/2024\/10\/Philips-Series-3000-striznik-las-HC3525-15-1.webp 700w, https:\/\/technomazon.com\/wp-content\/uploads\/2024\/10\/Philips-Series-3000-striznik-las-HC3525-15-1-430x242.webp 430w, https:\/\/technomazon.com\/wp-content\/uploads\/2024\/10\/Philips-Series-3000-striznik-las-HC3525-15-1-150x84.webp 150w, https:\/\/technomazon.com\/wp-content\/uploads\/2024\/10\/Philips-Series-3000-striznik-las-HC3525-15-1-400x225.webp 400w\" sizes=\"auto, (max-width: 700px) 100vw, 700px\" \/>\t\t\t\t\t\t\t\t\t\t\t\t\t\t\t<\/div>\n\t\t\t\t<\/div>\n\t\t\t\t<\/div>\n\t\t<div class=\"elementor-element elementor-element-b93343b e-con-full e-flex e-con e-child\" data-id=\"b93343b\" data-element_type=\"container\" data-e-type=\"container\">\n\t\t\t\t<div class=\"elementor-element elementor-element-1db22cc elementor-widget elementor-widget-heading\" data-id=\"1db22cc\" data-element_type=\"widget\" data-e-type=\"widget\" data-widget_type=\"heading.default\">\n\t\t\t\t<div class=\"elementor-widget-container\">\n\t\t\t\t\t<h3 class=\"elementor-heading-title elementor-size-default\">O\u0161trice koje ne zahtijevaju odr\u017eavanje: nije potrebno podmazivanje<\/h3>\t\t\t\t<\/div>\n\t\t\t\t<\/div>\n\t\t\t\t<div class=\"elementor-element elementor-element-ed88349 elementor-widget elementor-widget-wd_text_block\" data-id=\"ed88349\" data-element_type=\"widget\" data-e-type=\"widget\" data-widget_type=\"wd_text_block.default\">\n\t\t\t\t<div class=\"elementor-widget-container\">\n\t\t\t\t\t\t\t<div class=\"wd-text-block reset-last-child text-left\">\n\t\t\t\n\t\t\t<p>Iskusite snagu rezanja koju je lako odr\u017eavati, jer Philipsove o\u0161trice ne treba podmazivati.<\/p>\n\t\t\t\t\t<\/div>\n\t\t\t\t\t\t<\/div>\n\t\t\t\t<\/div>\n\t\t\t\t<div class=\"elementor-element elementor-element-956960c elementor-widget elementor-widget-heading\" data-id=\"956960c\" data-element_type=\"widget\" data-e-type=\"widget\" data-widget_type=\"heading.default\">\n\t\t\t\t<div class=\"elementor-widget-container\">\n\t\t\t\t\t<h3 class=\"elementor-heading-title elementor-size-default\">Lako dovr\u0161ite svoju frizuru: s dodatnim podesivim \u010de\u0161ljem za bradu<\/h3>\t\t\t\t<\/div>\n\t\t\t\t<\/div>\n\t\t\t\t<div class=\"elementor-element elementor-element-56d7ce5 elementor-widget elementor-widget-wd_text_block\" data-id=\"56d7ce5\" data-element_type=\"widget\" data-e-type=\"widget\" data-widget_type=\"wd_text_block.default\">\n\t\t\t\t<div class=\"elementor-widget-container\">\n\t\t\t\t\t\t\t<div class=\"wd-text-block reset-last-child text-left\">\n\t\t\t\n\t\t\t<p>Vi\u0161e od obi\u010dne frizure. Philipsove ma\u0161inice za \u0161i\u0161anje kose imaju podesivi \u010de\u0161alj za bradu koji nudi 12 postavki duljine od 1 do 23 mm. Odaberite savr\u0161enu duljinu brade koja \u0107e upotpuniti va\u0161u novu frizuru, kako biste uvijek izgledali njegovano.<\/p>\n\t\t\t\t\t<\/div>\n\t\t\t\t\t\t<\/div>\n\t\t\t\t<\/div>\n\t\t\t\t<\/div>\n\t\t\t\t\t<\/div>\n\t\t\t\t<\/div>\n\t\t\t\t<\/div>","protected":false},"excerpt":{"rendered":"<p>Philipsov stroj za \u0161i\u0161anje HC3525\/15 serije 3000 omogu\u0107uje brzo i ravnomjerno \u0161i\u0161anje. S 13 postavki duljine i tehnologijama Trim-and-Flow i DualCut, mo\u017eete brzo posti\u0107i ravnomjerno \u0161i\u0161anje.<\/p>","protected":false},"featured_media":28950,"comment_status":"open","ping_status":"closed","template":"","meta":[],"product_brand":[],"product_cat":[178,141],"product_tag":[],"class_list":{"0":"post-28391","1":"product","2":"type-product","3":"status-publish","4":"has-post-thumbnail","6":"product_cat-strizniki-las","7":"product_cat-za-moske","8":"product_shipping_class-slomini","10":"first","11":"instock","12":"sale","13":"taxable","14":"shipping-taxable","15":"purchasable","16":"product-type-simple"},"_links":{"self":[{"href":"https:\/\/technomazon.com\/hr\/wp-json\/wp\/v2\/product\/28391","targetHints":{"allow":["GET"]}}],"collection":[{"href":"https:\/\/technomazon.com\/hr\/wp-json\/wp\/v2\/product"}],"about":[{"href":"https:\/\/technomazon.com\/hr\/wp-json\/wp\/v2\/types\/product"}],"replies":[{"embeddable":true,"href":"https:\/\/technomazon.com\/hr\/wp-json\/wp\/v2\/comments?post=28391"}],"version-history":[{"count":8,"href":"https:\/\/technomazon.com\/hr\/wp-json\/wp\/v2\/product\/28391\/revisions"}],"predecessor-version":[{"id":29886,"href":"https:\/\/technomazon.com\/hr\/wp-json\/wp\/v2\/product\/28391\/revisions\/29886"}],"wp:featuredmedia":[{"embeddable":true,"href":"https:\/\/technomazon.com\/hr\/wp-json\/wp\/v2\/media\/28950"}],"wp:attachment":[{"href":"https:\/\/technomazon.com\/hr\/wp-json\/wp\/v2\/media?parent=28391"}],"wp:term":[{"taxonomy":"product_brand","embeddable":true,"href":"https:\/\/technomazon.com\/hr\/wp-json\/wp\/v2\/product_brand?post=28391"},{"taxonomy":"product_cat","embeddable":true,"href":"https:\/\/technomazon.com\/hr\/wp-json\/wp\/v2\/product_cat?post=28391"},{"taxonomy":"product_tag","embeddable":true,"href":"https:\/\/technomazon.com\/hr\/wp-json\/wp\/v2\/product_tag?post=28391"}],"curies":[{"name":"wp","href":"https:\/\/api.w.org\/{rel}","templated":true}]}}