{"id":28635,"date":"2024-10-28T05:08:22","date_gmt":"2024-10-28T05:08:22","guid":{"rendered":"https:\/\/technomazon.com\/?post_type=product&#038;p=28635"},"modified":"2026-01-20T10:10:29","modified_gmt":"2026-01-20T10:10:29","slug":"zenski-brijac-serije-6000-elektricni-epilator-depilator-brl136-00","status":"publish","type":"product","link":"https:\/\/technomazon.com\/hr\/izdelek\/lady-shaver-series-6000-elektricni-epilator-depilator-brl136-00\/","title":{"rendered":"Elektri\u010dni epilator\/depilator Lady Shaver Series 6000 BRL136\/00"},"content":{"rendered":"<div data-elementor-type=\"wp-post\" data-elementor-id=\"28635\" class=\"elementor elementor-28635\" data-elementor-post-type=\"product\">\n\t\t\t\t<div class=\"wd-negative-gap elementor-element elementor-element-9e9eace e-flex e-con-boxed e-con e-parent\" data-id=\"9e9eace\" data-element_type=\"container\" data-e-type=\"container\">\n\t\t\t\t\t<div class=\"e-con-inner\">\n\t\t<div class=\"elementor-element elementor-element-9924c3e e-con-full e-flex e-con e-child\" data-id=\"9924c3e\" data-element_type=\"container\" data-e-type=\"container\">\n\t\t\t\t<div class=\"elementor-element elementor-element-3a641c7 elementor-widget elementor-widget-image\" data-id=\"3a641c7\" data-element_type=\"widget\" data-e-type=\"widget\" data-widget_type=\"image.default\">\n\t\t\t\t<div class=\"elementor-widget-container\">\n\t\t\t\t\t\t\t\t\t\t\t\t\t\t\t<img loading=\"lazy\" decoding=\"async\" width=\"946\" height=\"630\" src=\"https:\/\/technomazon.com\/wp-content\/uploads\/2024\/10\/BRL136-00_9.jpg\" class=\"attachment-large size-large wp-image-29155\" alt=\"\" srcset=\"https:\/\/technomazon.com\/wp-content\/uploads\/2024\/10\/BRL136-00_9.jpg 946w, https:\/\/technomazon.com\/wp-content\/uploads\/2024\/10\/BRL136-00_9-430x286.jpg 430w, https:\/\/technomazon.com\/wp-content\/uploads\/2024\/10\/BRL136-00_9-150x100.jpg 150w, https:\/\/technomazon.com\/wp-content\/uploads\/2024\/10\/BRL136-00_9-700x466.jpg 700w, https:\/\/technomazon.com\/wp-content\/uploads\/2024\/10\/BRL136-00_9-400x266.jpg 400w, https:\/\/technomazon.com\/wp-content\/uploads\/2024\/10\/BRL136-00_9-768x511.jpg 768w, https:\/\/technomazon.com\/wp-content\/uploads\/2024\/10\/BRL136-00_9-18x12.jpg 18w\" sizes=\"auto, (max-width: 946px) 100vw, 946px\" \/>\t\t\t\t\t\t\t\t\t\t\t\t\t\t\t<\/div>\n\t\t\t\t<\/div>\n\t\t\t\t<\/div>\n\t\t<div class=\"elementor-element elementor-element-c2962ec e-con-full e-flex e-con e-child\" data-id=\"c2962ec\" data-element_type=\"container\" data-e-type=\"container\">\n\t\t\t\t<div class=\"elementor-element elementor-element-64a5673 elementor-widget elementor-widget-heading\" data-id=\"64a5673\" data-element_type=\"widget\" data-e-type=\"widget\" data-widget_type=\"heading.default\">\n\t\t\t\t<div class=\"elementor-widget-container\">\n\t\t\t\t\t<h3 class=\"elementor-heading-title elementor-size-default\">Nje\u017ean i ugodan na ko\u017ei<\/h3>\t\t\t\t<\/div>\n\t\t\t\t<\/div>\n\t\t\t\t<div class=\"elementor-element elementor-element-456c01c elementor-widget elementor-widget-wd_text_block\" data-id=\"456c01c\" data-element_type=\"widget\" data-e-type=\"widget\" data-widget_type=\"wd_text_block.default\">\n\t\t\t\t<div class=\"elementor-widget-container\">\n\t\t\t\t\t\t\t<div class=\"wd-text-block reset-last-child text-left\">\n\t\t\t\n\t\t\t<p>Philipsov \u017eenski brija\u010d serije 6000 dizajniran je da bude nje\u017ean i ugodan za ko\u017eu na razli\u010ditim dijelovima tijela*. 80% na\u0161ih korisnica potvr\u0111uje odsutnost opeklina i crvenila**. Ra\u010dunajte na uklanjanje dla\u010dica bez ugro\u017eavanja udobnosti ko\u017ee.<\/p><p>Zaobljeni vrhovi trimera ispred i iza folije za brijanje omogu\u0107uju brija\u010du glatko klizanje po ko\u017ei. 78 \u017eena sla\u017ee se da zaobljeni vrhovi trimera sprje\u010davaju ogrebotine.<\/p>\n\t\t\t\t\t<\/div>\n\t\t\t\t\t\t<\/div>\n\t\t\t\t<\/div>\n\t\t\t\t<\/div>\n\t\t\t\t\t<\/div>\n\t\t\t\t<\/div>\n\t\t<div class=\"wd-negative-gap elementor-element elementor-element-3f7bdc3 e-flex e-con-boxed e-con e-parent\" data-id=\"3f7bdc3\" data-element_type=\"container\" data-e-type=\"container\">\n\t\t\t\t\t<div class=\"e-con-inner\">\n\t\t<div class=\"elementor-element elementor-element-d778c07 e-con-full e-flex e-con e-child\" data-id=\"d778c07\" data-element_type=\"container\" data-e-type=\"container\">\n\t\t\t\t<div class=\"elementor-element elementor-element-f6d7503 elementor-widget elementor-widget-image\" data-id=\"f6d7503\" data-element_type=\"widget\" data-e-type=\"widget\" data-widget_type=\"image.default\">\n\t\t\t\t<div class=\"elementor-widget-container\">\n\t\t\t\t\t\t\t\t\t\t\t\t\t\t\t<img loading=\"lazy\" decoding=\"async\" width=\"949\" height=\"632\" src=\"https:\/\/technomazon.com\/wp-content\/uploads\/2024\/10\/BRL136-00_10.jpg\" class=\"attachment-large size-large wp-image-29156\" alt=\"\" srcset=\"https:\/\/technomazon.com\/wp-content\/uploads\/2024\/10\/BRL136-00_10.jpg 949w, https:\/\/technomazon.com\/wp-content\/uploads\/2024\/10\/BRL136-00_10-430x286.jpg 430w, https:\/\/technomazon.com\/wp-content\/uploads\/2024\/10\/BRL136-00_10-150x100.jpg 150w, https:\/\/technomazon.com\/wp-content\/uploads\/2024\/10\/BRL136-00_10-700x466.jpg 700w, https:\/\/technomazon.com\/wp-content\/uploads\/2024\/10\/BRL136-00_10-400x266.jpg 400w, https:\/\/technomazon.com\/wp-content\/uploads\/2024\/10\/BRL136-00_10-768x511.jpg 768w, https:\/\/technomazon.com\/wp-content\/uploads\/2024\/10\/BRL136-00_10-18x12.jpg 18w\" sizes=\"auto, (max-width: 949px) 100vw, 949px\" \/>\t\t\t\t\t\t\t\t\t\t\t\t\t\t\t<\/div>\n\t\t\t\t<\/div>\n\t\t\t\t<\/div>\n\t\t<div class=\"elementor-element elementor-element-49603ad e-con-full e-flex e-con e-child\" data-id=\"49603ad\" data-element_type=\"container\" data-e-type=\"container\">\n\t\t\t\t<div class=\"elementor-element elementor-element-21bb793 elementor-widget elementor-widget-heading\" data-id=\"21bb793\" data-element_type=\"widget\" data-e-type=\"widget\" data-widget_type=\"heading.default\">\n\t\t\t\t<div class=\"elementor-widget-container\">\n\t\t\t\t\t<h3 class=\"elementor-heading-title elementor-size-default\">Plutaju\u0107a folija prirodno klizi preko krivulja i kontura, odr\u017eavaju\u0107i bliski kontakt s va\u0161om ko\u017eom za glatko brijanje.<\/h3>\t\t\t\t<\/div>\n\t\t\t\t<\/div>\n\t\t\t\t<div class=\"elementor-element elementor-element-cf7f3bd elementor-widget elementor-widget-heading\" data-id=\"cf7f3bd\" data-element_type=\"widget\" data-e-type=\"widget\" data-widget_type=\"heading.default\">\n\t\t\t\t<div class=\"elementor-widget-container\">\n\t\t\t\t\t<h3 class=\"elementor-heading-title elementor-size-default\">Za nje\u017enu i udobnu upotrebu pod tu\u0161em ili kadom, nudi neklizaju\u0107u ru\u010dku za optimalno mokro i suho kori\u0161tenje.<\/h3>\t\t\t\t<\/div>\n\t\t\t\t<\/div>\n\t\t\t\t<\/div>\n\t\t\t\t\t<\/div>\n\t\t\t\t<\/div>\n\t\t<div class=\"wd-negative-gap elementor-element elementor-element-a4c000a e-flex e-con-boxed e-con e-parent\" data-id=\"a4c000a\" data-element_type=\"container\" data-e-type=\"container\">\n\t\t\t\t\t<div class=\"e-con-inner\">\n\t\t<div class=\"elementor-element elementor-element-0664266 e-con-full e-flex e-con e-child\" data-id=\"0664266\" data-element_type=\"container\" data-e-type=\"container\">\n\t\t\t\t<div class=\"elementor-element elementor-element-83990e4 elementor-widget elementor-widget-image\" data-id=\"83990e4\" data-element_type=\"widget\" data-e-type=\"widget\" data-widget_type=\"image.default\">\n\t\t\t\t<div class=\"elementor-widget-container\">\n\t\t\t\t\t\t\t\t\t\t\t\t\t\t\t<img loading=\"lazy\" decoding=\"async\" width=\"807\" height=\"573\" src=\"https:\/\/technomazon.com\/wp-content\/uploads\/2024\/10\/BRL136-00_8.jpg\" class=\"attachment-large size-large wp-image-29154\" alt=\"\" srcset=\"https:\/\/technomazon.com\/wp-content\/uploads\/2024\/10\/BRL136-00_8.jpg 807w, https:\/\/technomazon.com\/wp-content\/uploads\/2024\/10\/BRL136-00_8-430x305.jpg 430w, https:\/\/technomazon.com\/wp-content\/uploads\/2024\/10\/BRL136-00_8-150x107.jpg 150w, https:\/\/technomazon.com\/wp-content\/uploads\/2024\/10\/BRL136-00_8-700x497.jpg 700w, https:\/\/technomazon.com\/wp-content\/uploads\/2024\/10\/BRL136-00_8-400x284.jpg 400w, https:\/\/technomazon.com\/wp-content\/uploads\/2024\/10\/BRL136-00_8-768x545.jpg 768w, https:\/\/technomazon.com\/wp-content\/uploads\/2024\/10\/BRL136-00_8-18x12.jpg 18w\" sizes=\"auto, (max-width: 807px) 100vw, 807px\" \/>\t\t\t\t\t\t\t\t\t\t\t\t\t\t\t<\/div>\n\t\t\t\t<\/div>\n\t\t\t\t<\/div>\n\t\t<div class=\"elementor-element elementor-element-ab914c5 e-con-full e-flex e-con e-child\" data-id=\"ab914c5\" data-element_type=\"container\" data-e-type=\"container\">\n\t\t\t\t<div class=\"elementor-element elementor-element-46afacd elementor-widget elementor-widget-heading\" data-id=\"46afacd\" data-element_type=\"widget\" data-e-type=\"widget\" data-widget_type=\"heading.default\">\n\t\t\t\t<div class=\"elementor-widget-container\">\n\t\t\t\t\t<h3 class=\"elementor-heading-title elementor-size-default\">40 minuta kori\u0161tenja<\/h3>\t\t\t\t<\/div>\n\t\t\t\t<\/div>\n\t\t\t\t<div class=\"elementor-element elementor-element-ef587c0 elementor-widget elementor-widget-wd_text_block\" data-id=\"ef587c0\" data-element_type=\"widget\" data-e-type=\"widget\" data-widget_type=\"wd_text_block.default\">\n\t\t\t\t<div class=\"elementor-widget-container\">\n\t\t\t\t\t\t\t<div class=\"wd-text-block reset-last-child text-left\">\n\t\t\t\n\t\t\t<p>\u017denski brija\u010d Philips Series 6000 s punjivom baterijom omogu\u0107uje do 40 minuta be\u017ei\u010dne upotrebe.<\/p>\n\t\t\t\t\t<\/div>\n\t\t\t\t\t\t<\/div>\n\t\t\t\t<\/div>\n\t\t\t\t<div class=\"elementor-element elementor-element-24fa5d1 elementor-widget elementor-widget-heading\" data-id=\"24fa5d1\" data-element_type=\"widget\" data-e-type=\"widget\" data-widget_type=\"heading.default\">\n\t\t\t\t<div class=\"elementor-widget-container\">\n\t\t\t\t\t<h3 class=\"elementor-heading-title elementor-size-default\">Ergonomska ru\u010dka<\/h3>\t\t\t\t<\/div>\n\t\t\t\t<\/div>\n\t\t\t\t<div class=\"elementor-element elementor-element-05d2b0e elementor-widget elementor-widget-wd_text_block\" data-id=\"05d2b0e\" data-element_type=\"widget\" data-e-type=\"widget\" data-widget_type=\"wd_text_block.default\">\n\t\t\t\t<div class=\"elementor-widget-container\">\n\t\t\t\t\t\t\t<div class=\"wd-text-block reset-last-child text-left\">\n\t\t\t\n\t\t\t<p>Ergonomska ru\u010dka u obliku slova S omogu\u0107uje jednostavno vo\u0111enje za maksimalnu kontrolu i bolji pristup prirodnim i preciznim pokretima cijelog tijela.<\/p>\n\t\t\t\t\t<\/div>\n\t\t\t\t\t\t<\/div>\n\t\t\t\t<\/div>\n\t\t\t\t<\/div>\n\t\t\t\t\t<\/div>\n\t\t\t\t<\/div>\n\t\t<div class=\"wd-negative-gap elementor-element elementor-element-c83e8ec e-flex e-con-boxed e-con e-parent\" data-id=\"c83e8ec\" data-element_type=\"container\" data-e-type=\"container\">\n\t\t\t\t\t<div class=\"e-con-inner\">\n\t\t<div class=\"elementor-element elementor-element-23e3d38 e-con-full e-flex e-con e-child\" data-id=\"23e3d38\" data-element_type=\"container\" data-e-type=\"container\">\n\t\t\t\t<div class=\"elementor-element elementor-element-da01c26 elementor-widget elementor-widget-image\" data-id=\"da01c26\" data-element_type=\"widget\" data-e-type=\"widget\" data-widget_type=\"image.default\">\n\t\t\t\t<div class=\"elementor-widget-container\">\n\t\t\t\t\t\t\t\t\t\t\t\t\t\t\t<img loading=\"lazy\" decoding=\"async\" width=\"950\" height=\"632\" src=\"https:\/\/technomazon.com\/wp-content\/uploads\/2024\/10\/BRL136-00_11.jpg\" class=\"attachment-large size-large wp-image-29157\" alt=\"\" srcset=\"https:\/\/technomazon.com\/wp-content\/uploads\/2024\/10\/BRL136-00_11.jpg 950w, https:\/\/technomazon.com\/wp-content\/uploads\/2024\/10\/BRL136-00_11-430x286.jpg 430w, https:\/\/technomazon.com\/wp-content\/uploads\/2024\/10\/BRL136-00_11-150x100.jpg 150w, https:\/\/technomazon.com\/wp-content\/uploads\/2024\/10\/BRL136-00_11-700x466.jpg 700w, https:\/\/technomazon.com\/wp-content\/uploads\/2024\/10\/BRL136-00_11-400x266.jpg 400w, https:\/\/technomazon.com\/wp-content\/uploads\/2024\/10\/BRL136-00_11-768x511.jpg 768w, https:\/\/technomazon.com\/wp-content\/uploads\/2024\/10\/BRL136-00_11-18x12.jpg 18w\" sizes=\"auto, (max-width: 950px) 100vw, 950px\" \/>\t\t\t\t\t\t\t\t\t\t\t\t\t\t\t<\/div>\n\t\t\t\t<\/div>\n\t\t\t\t<\/div>\n\t\t<div class=\"elementor-element elementor-element-9ecb20c e-con-full e-flex e-con e-child\" data-id=\"9ecb20c\" data-element_type=\"container\" data-e-type=\"container\">\n\t\t\t\t<div class=\"elementor-element elementor-element-4878781 elementor-widget elementor-widget-heading\" data-id=\"4878781\" data-element_type=\"widget\" data-e-type=\"widget\" data-widget_type=\"heading.default\">\n\t\t\t\t<div class=\"elementor-widget-container\">\n\t\t\t\t\t<h3 class=\"elementor-heading-title elementor-size-default\">Kapica za zatezanje ko\u017ee zate\u017ee ko\u017eu tijekom brijanja za nje\u017eniji osje\u0107aj.<\/h3>\t\t\t\t<\/div>\n\t\t\t\t<\/div>\n\t\t\t\t<div class=\"elementor-element elementor-element-0485273 elementor-widget elementor-widget-wd_text_block\" data-id=\"0485273\" data-element_type=\"widget\" data-e-type=\"widget\" data-widget_type=\"wd_text_block.default\">\n\t\t\t\t<div class=\"elementor-widget-container\">\n\t\t\t\t\t\t\t<div class=\"wd-text-block reset-last-child text-left\">\n\t\t\t\n\t\t\t<p>Mekani klizni poklopac prekriva stra\u017enji trimer glave brija\u010da za dodatnu sigurnost na zakrivljenim podru\u010djima i klizi po ko\u017ei za ugodno brijanje.<\/p>\n\t\t\t\t\t<\/div>\n\t\t\t\t\t\t<\/div>\n\t\t\t\t<\/div>\n\t\t\t\t<div class=\"elementor-element elementor-element-1c8add1 elementor-widget elementor-widget-heading\" data-id=\"1c8add1\" data-element_type=\"widget\" data-e-type=\"widget\" data-widget_type=\"heading.default\">\n\t\t\t\t<div class=\"elementor-widget-container\">\n\t\t\t\t\t<h3 class=\"elementor-heading-title elementor-size-default\">Rukavica za piling poma\u017ee u sprje\u010davanju urastanja dla\u010dica.<\/h3>\t\t\t\t<\/div>\n\t\t\t\t<\/div>\n\t\t\t\t<div class=\"elementor-element elementor-element-8743b04 elementor-widget elementor-widget-wd_text_block\" data-id=\"8743b04\" data-element_type=\"widget\" data-e-type=\"widget\" data-widget_type=\"wd_text_block.default\">\n\t\t\t\t<div class=\"elementor-widget-container\">\n\t\t\t\t\t\t\t<div class=\"wd-text-block reset-last-child text-left\">\n\t\t\t\n\t\t\t<p>Kori\u0161tenje rukavice za piling poma\u017ee u sprje\u010davanju urastanja dla\u010dica tijekom brijanja.<\/p>\n\t\t\t\t\t<\/div>\n\t\t\t\t\t\t<\/div>\n\t\t\t\t<\/div>\n\t\t\t\t<\/div>\n\t\t\t\t\t<\/div>\n\t\t\t\t<\/div>\n\t\t\t\t<\/div>","protected":false},"excerpt":{"rendered":"<p>Do\u017eivite glatko brijanje po cijelom tijelu. Udoban i jednostavan za kori\u0161tenje, \u017eenski brija\u010d Philips Series 6000 prikladan je za osjetljiva podru\u010dja i pru\u017ea glatko\u0107u bez napora, a istovremeno njeguje va\u0161u osjetljivu ko\u017eu.<\/p>","protected":false},"featured_media":28639,"comment_status":"open","ping_status":"closed","template":"","meta":[],"product_brand":[],"product_cat":[173,78],"product_tag":[],"class_list":{"0":"post-28635","1":"product","2":"type-product","3":"status-publish","4":"has-post-thumbnail","6":"product_cat-brivniki-za-zenske","7":"product_cat-za-zenske","8":"product_shipping_class-slomini","10":"first","11":"instock","12":"sale","13":"taxable","14":"shipping-taxable","15":"purchasable","16":"product-type-simple"},"_links":{"self":[{"href":"https:\/\/technomazon.com\/hr\/wp-json\/wp\/v2\/product\/28635","targetHints":{"allow":["GET"]}}],"collection":[{"href":"https:\/\/technomazon.com\/hr\/wp-json\/wp\/v2\/product"}],"about":[{"href":"https:\/\/technomazon.com\/hr\/wp-json\/wp\/v2\/types\/product"}],"replies":[{"embeddable":true,"href":"https:\/\/technomazon.com\/hr\/wp-json\/wp\/v2\/comments?post=28635"}],"version-history":[{"count":14,"href":"https:\/\/technomazon.com\/hr\/wp-json\/wp\/v2\/product\/28635\/revisions"}],"predecessor-version":[{"id":30363,"href":"https:\/\/technomazon.com\/hr\/wp-json\/wp\/v2\/product\/28635\/revisions\/30363"}],"wp:featuredmedia":[{"embeddable":true,"href":"https:\/\/technomazon.com\/hr\/wp-json\/wp\/v2\/media\/28639"}],"wp:attachment":[{"href":"https:\/\/technomazon.com\/hr\/wp-json\/wp\/v2\/media?parent=28635"}],"wp:term":[{"taxonomy":"product_brand","embeddable":true,"href":"https:\/\/technomazon.com\/hr\/wp-json\/wp\/v2\/product_brand?post=28635"},{"taxonomy":"product_cat","embeddable":true,"href":"https:\/\/technomazon.com\/hr\/wp-json\/wp\/v2\/product_cat?post=28635"},{"taxonomy":"product_tag","embeddable":true,"href":"https:\/\/technomazon.com\/hr\/wp-json\/wp\/v2\/product_tag?post=28635"}],"curies":[{"name":"wp","href":"https:\/\/api.w.org\/{rel}","templated":true}]}}