{"id":28774,"date":"2024-11-01T03:32:13","date_gmt":"2024-11-01T03:32:13","guid":{"rendered":"https:\/\/technomazon.com\/?post_type=product&#038;p=28774"},"modified":"2026-01-20T10:06:59","modified_gmt":"2026-01-20T10:06:59","slug":"babyliss-st255e-elegantna-zavrsna-obrada-230","status":"publish","type":"product","link":"https:\/\/technomazon.com\/hr\/izdelek\/babyliss-st255e-sleek-finish-230\/","title":{"rendered":"Babyliss ST255E Elegantna zavr\u0161na obrada 230"},"content":{"rendered":"<div data-elementor-type=\"wp-post\" data-elementor-id=\"28774\" class=\"elementor elementor-28774\" data-elementor-post-type=\"product\">\n\t\t\t\t<div class=\"wd-negative-gap elementor-element elementor-element-172d916 e-flex e-con-boxed e-con e-parent\" data-id=\"172d916\" data-element_type=\"container\" data-e-type=\"container\">\n\t\t\t\t\t<div class=\"e-con-inner\">\n\t\t<div class=\"elementor-element elementor-element-9a6304d e-con-full e-flex e-con e-child\" data-id=\"9a6304d\" data-element_type=\"container\" data-e-type=\"container\">\n\t\t\t\t<div class=\"elementor-element elementor-element-dfcd68a elementor-widget elementor-widget-image\" data-id=\"dfcd68a\" data-element_type=\"widget\" data-e-type=\"widget\" data-widget_type=\"image.default\">\n\t\t\t\t<div class=\"elementor-widget-container\">\n\t\t\t\t\t\t\t\t\t\t\t\t\t\t\t<img loading=\"lazy\" decoding=\"async\" width=\"742\" height=\"736\" src=\"https:\/\/technomazon.com\/wp-content\/uploads\/2024\/11\/ste255e_5.jpg\" class=\"attachment-large size-large wp-image-29922\" alt=\"\" srcset=\"https:\/\/technomazon.com\/wp-content\/uploads\/2024\/11\/ste255e_5.jpg 742w, https:\/\/technomazon.com\/wp-content\/uploads\/2024\/11\/ste255e_5-430x427.jpg 430w, https:\/\/technomazon.com\/wp-content\/uploads\/2024\/11\/ste255e_5-150x150.jpg 150w, https:\/\/technomazon.com\/wp-content\/uploads\/2024\/11\/ste255e_5-700x694.jpg 700w, https:\/\/technomazon.com\/wp-content\/uploads\/2024\/11\/ste255e_5-302x300.jpg 302w\" sizes=\"auto, (max-width: 742px) 100vw, 742px\" \/>\t\t\t\t\t\t\t\t\t\t\t\t\t\t\t<\/div>\n\t\t\t\t<\/div>\n\t\t\t\t<\/div>\n\t\t<div class=\"elementor-element elementor-element-2ba184d e-con-full e-flex e-con e-child\" data-id=\"2ba184d\" data-element_type=\"container\" data-e-type=\"container\">\n\t\t\t\t<div class=\"elementor-element elementor-element-c7acc66 elementor-widget elementor-widget-heading\" data-id=\"c7acc66\" data-element_type=\"widget\" data-e-type=\"widget\" data-widget_type=\"heading.default\">\n\t\t\t\t<div class=\"elementor-widget-container\">\n\t\t\t\t\t<h3 class=\"elementor-heading-title elementor-size-default\">Zaobljeni rubovi za lak\u0161e omatanje<\/h3>\t\t\t\t<\/div>\n\t\t\t\t<\/div>\n\t\t\t\t<div class=\"elementor-element elementor-element-62dad51 elementor-widget elementor-widget-wd_text_block\" data-id=\"62dad51\" data-element_type=\"widget\" data-e-type=\"widget\" data-widget_type=\"wd_text_block.default\">\n\t\t\t\t<div class=\"elementor-widget-container\">\n\t\t\t\t\t\t\t<div class=\"wd-text-block reset-last-child text-left\">\n\t\t\t\n\t\t\t<p>ST255E pegla za kosu ima zaobljene rubove koji znatno olak\u0161avaju omotavanje kose oko plo\u010de i stvaranje jasno definiranih kovr\u010da ili valova. Pru\u017ea mogu\u0107nost savr\u0161enog, romanti\u010dnog izgleda svaki put! Za sigurno pohranjivanje pegle tijekom ili nakon upotrebe, u pakiranju je prilo\u017eena podloga otporna na toplinu.<\/p>\n\t\t\t\t\t<\/div>\n\t\t\t\t\t\t<\/div>\n\t\t\t\t<\/div>\n\t\t\t\t<div class=\"elementor-element elementor-element-f6ea1ca elementor-widget elementor-widget-heading\" data-id=\"f6ea1ca\" data-element_type=\"widget\" data-e-type=\"widget\" data-widget_type=\"heading.default\">\n\t\t\t\t<div class=\"elementor-widget-container\">\n\t\t\t\t\t<h3 class=\"elementor-heading-title elementor-size-default\">3 postavke temperature<\/h3>\t\t\t\t<\/div>\n\t\t\t\t<\/div>\n\t\t\t\t<div class=\"elementor-element elementor-element-0b931b3 elementor-widget elementor-widget-wd_text_block\" data-id=\"0b931b3\" data-element_type=\"widget\" data-e-type=\"widget\" data-widget_type=\"wd_text_block.default\">\n\t\t\t\t<div class=\"elementor-widget-container\">\n\t\t\t\t\t\t\t<div class=\"wd-text-block reset-last-child text-left\">\n\t\t\t\n\t\t\t<p>Va\u0161a \u0107e kosa uvijek biti super glatka, samo trebate prilagoditi temperaturu svom tipu kose. Dostupne su 3 postavke temperature, od 180\u00b0C do 230\u00b0C. ST255E pegla za kosu ima inovativne plo\u010de oblo\u017eene turmalinom i keramikom koje \u0107e va\u0161u kosu oblikovati kao da ste upravo iza\u0161li iz frizerskog salona!<\/p>\n\t\t\t\t\t<\/div>\n\t\t\t\t\t\t<\/div>\n\t\t\t\t<\/div>\n\t\t\t\t<\/div>\n\t\t\t\t\t<\/div>\n\t\t\t\t<\/div>\n\t\t\t\t<\/div>","protected":false},"excerpt":{"rendered":"<p>Pegla za kosu ST255E Sleek Finish 230! \u017delite nevjerojatno ravnu, svilenkastu kosu svaki dan? Isprobajte novu peglu za kosu BaByliss, \u010dije ime sve govori.<\/p>","protected":false},"featured_media":28775,"comment_status":"open","ping_status":"closed","template":"","meta":[],"product_brand":[],"product_cat":[183,78],"product_tag":[],"class_list":{"0":"post-28774","1":"product","2":"type-product","3":"status-publish","4":"has-post-thumbnail","6":"product_cat-ravnalnik-za-lase","7":"product_cat-za-zenske","8":"product_shipping_class-slomidi1","10":"first","11":"instock","12":"sale","13":"taxable","14":"shipping-taxable","15":"purchasable","16":"product-type-simple"},"_links":{"self":[{"href":"https:\/\/technomazon.com\/hr\/wp-json\/wp\/v2\/product\/28774","targetHints":{"allow":["GET"]}}],"collection":[{"href":"https:\/\/technomazon.com\/hr\/wp-json\/wp\/v2\/product"}],"about":[{"href":"https:\/\/technomazon.com\/hr\/wp-json\/wp\/v2\/types\/product"}],"replies":[{"embeddable":true,"href":"https:\/\/technomazon.com\/hr\/wp-json\/wp\/v2\/comments?post=28774"}],"version-history":[{"count":6,"href":"https:\/\/technomazon.com\/hr\/wp-json\/wp\/v2\/product\/28774\/revisions"}],"predecessor-version":[{"id":29926,"href":"https:\/\/technomazon.com\/hr\/wp-json\/wp\/v2\/product\/28774\/revisions\/29926"}],"wp:featuredmedia":[{"embeddable":true,"href":"https:\/\/technomazon.com\/hr\/wp-json\/wp\/v2\/media\/28775"}],"wp:attachment":[{"href":"https:\/\/technomazon.com\/hr\/wp-json\/wp\/v2\/media?parent=28774"}],"wp:term":[{"taxonomy":"product_brand","embeddable":true,"href":"https:\/\/technomazon.com\/hr\/wp-json\/wp\/v2\/product_brand?post=28774"},{"taxonomy":"product_cat","embeddable":true,"href":"https:\/\/technomazon.com\/hr\/wp-json\/wp\/v2\/product_cat?post=28774"},{"taxonomy":"product_tag","embeddable":true,"href":"https:\/\/technomazon.com\/hr\/wp-json\/wp\/v2\/product_tag?post=28774"}],"curies":[{"name":"wp","href":"https:\/\/api.w.org\/{rel}","templated":true}]}}