{"id":28779,"date":"2024-11-01T03:36:40","date_gmt":"2024-11-01T03:36:40","guid":{"rendered":"https:\/\/technomazon.com\/?post_type=product&#038;p=28779"},"modified":"2026-01-20T10:06:40","modified_gmt":"2026-01-20T10:06:40","slug":"elektricni-uvijaci-za-kosu-babyliss-rs035e","status":"publish","type":"product","link":"https:\/\/technomazon.com\/hr\/izdelek\/babyliss-rs035e-elektricni-kodralniki\/","title":{"rendered":"Babyliss RS035E Elektri\u010dne uvija\u010de za kosu"},"content":{"rendered":"<div data-elementor-type=\"wp-post\" data-elementor-id=\"28779\" class=\"elementor elementor-28779\" data-elementor-post-type=\"product\">\n\t\t\t\t<div class=\"wd-negative-gap elementor-element elementor-element-50671fb e-flex e-con-boxed e-con e-parent\" data-id=\"50671fb\" data-element_type=\"container\" data-e-type=\"container\">\n\t\t\t\t\t<div class=\"e-con-inner\">\n\t\t<div class=\"elementor-element elementor-element-ffbac64 e-con-full e-flex e-con e-child\" data-id=\"ffbac64\" data-element_type=\"container\" data-e-type=\"container\">\n\t\t\t\t<div class=\"elementor-element elementor-element-44a231d elementor-widget elementor-widget-image\" data-id=\"44a231d\" data-element_type=\"widget\" data-e-type=\"widget\" data-widget_type=\"image.default\">\n\t\t\t\t<div class=\"elementor-widget-container\">\n\t\t\t\t\t\t\t\t\t\t\t\t\t\t\t<img loading=\"lazy\" decoding=\"async\" width=\"600\" height=\"600\" src=\"https:\/\/technomazon.com\/wp-content\/uploads\/2024\/11\/Elektricni-navijalki-RS035E.webp\" class=\"attachment-large size-large wp-image-28780\" alt=\"\" srcset=\"https:\/\/technomazon.com\/wp-content\/uploads\/2024\/11\/Elektricni-navijalki-RS035E.webp 600w, https:\/\/technomazon.com\/wp-content\/uploads\/2024\/11\/Elektricni-navijalki-RS035E-430x430.webp 430w, https:\/\/technomazon.com\/wp-content\/uploads\/2024\/11\/Elektricni-navijalki-RS035E-150x150.webp 150w, https:\/\/technomazon.com\/wp-content\/uploads\/2024\/11\/Elektricni-navijalki-RS035E-300x300.webp 300w\" sizes=\"auto, (max-width: 600px) 100vw, 600px\" \/>\t\t\t\t\t\t\t\t\t\t\t\t\t\t\t<\/div>\n\t\t\t\t<\/div>\n\t\t\t\t<\/div>\n\t\t<div class=\"elementor-element elementor-element-0ae2ad6 e-con-full e-flex e-con e-child\" data-id=\"0ae2ad6\" data-element_type=\"container\" data-e-type=\"container\">\n\t\t\t\t<div class=\"elementor-element elementor-element-e1fd735 elementor-widget elementor-widget-heading\" data-id=\"e1fd735\" data-element_type=\"widget\" data-e-type=\"widget\" data-widget_type=\"heading.default\">\n\t\t\t\t<div class=\"elementor-widget-container\">\n\t\t\t\t\t<h3 class=\"elementor-heading-title elementor-size-default\">Tehnologija mekog dodira<\/h3>\t\t\t\t<\/div>\n\t\t\t\t<\/div>\n\t\t\t\t<div class=\"elementor-element elementor-element-a8fb288 elementor-widget elementor-widget-wd_text_block\" data-id=\"a8fb288\" data-element_type=\"widget\" data-e-type=\"widget\" data-widget_type=\"wd_text_block.default\">\n\t\t\t\t<div class=\"elementor-widget-container\">\n\t\t\t\t\t\t\t<div class=\"wd-text-block reset-last-child text-left\">\n\t\t\t\n\t\t\t<p>Elektri\u010dne uvija\u010de za kosu RS035E Volume Curls su termokerami\u010dke s Soft Touch povr\u0161inom. Paket uklju\u010duje tri veli\u010dine uvija\u010da, kojima mo\u017eete posti\u0107i razli\u010dite stilove uvijanja. Mo\u017eete stvoriti valove kao i male kovr\u010de, tako da \u0107ete svaki put iznenaditi druga\u010dijim stilom. Budite kreativni i oblikujte frizuru prema svom raspolo\u017eenju.<\/p>\n\t\t\t\t\t<\/div>\n\t\t\t\t\t\t<\/div>\n\t\t\t\t<\/div>\n\t\t\t\t<div class=\"elementor-element elementor-element-ade34dc elementor-widget elementor-widget-heading\" data-id=\"ade34dc\" data-element_type=\"widget\" data-e-type=\"widget\" data-widget_type=\"heading.default\">\n\t\t\t\t<div class=\"elementor-widget-container\">\n\t\t\t\t\t<h3 class=\"elementor-heading-title elementor-size-default\">Pokazatelj temperature<\/h3>\t\t\t\t<\/div>\n\t\t\t\t<\/div>\n\t\t\t\t<div class=\"elementor-element elementor-element-de6285b elementor-widget elementor-widget-wd_text_block\" data-id=\"de6285b\" data-element_type=\"widget\" data-e-type=\"widget\" data-widget_type=\"wd_text_block.default\">\n\t\t\t\t<div class=\"elementor-widget-container\">\n\t\t\t\t\t\t\t<div class=\"wd-text-block reset-last-child text-left\">\n\t\t\t\n\t\t\t<p>Okrenite gumb kako biste postavili \u017eeljenu temperaturu prema va\u0161em tipu kose. Jedan od uvija\u010da za kosu ima indikator temperature koji mijenja boju iz crvene u bijelu kako biste znali kada je postignuta optimalna temperatura. Prilikom uvijanja kose, dr\u017eite uvija\u010de za hladne rubove.<\/p>\n\t\t\t\t\t<\/div>\n\t\t\t\t\t\t<\/div>\n\t\t\t\t<\/div>\n\t\t\t\t<\/div>\n\t\t\t\t\t<\/div>\n\t\t\t\t<\/div>\n\t\t<div class=\"wd-negative-gap elementor-element elementor-element-c3c0c91 e-flex e-con-boxed e-con e-parent\" data-id=\"c3c0c91\" data-element_type=\"container\" data-e-type=\"container\">\n\t\t\t\t\t<div class=\"e-con-inner\">\n\t\t<div class=\"elementor-element elementor-element-79bea85 e-con-full e-flex e-con e-child\" data-id=\"79bea85\" data-element_type=\"container\" data-e-type=\"container\">\n\t\t\t\t<div class=\"elementor-element elementor-element-465991f elementor-widget elementor-widget-image\" data-id=\"465991f\" data-element_type=\"widget\" data-e-type=\"widget\" data-widget_type=\"image.default\">\n\t\t\t\t<div class=\"elementor-widget-container\">\n\t\t\t\t\t\t\t\t\t\t\t\t\t\t\t<img loading=\"lazy\" decoding=\"async\" width=\"597\" height=\"595\" src=\"https:\/\/technomazon.com\/wp-content\/uploads\/2024\/11\/rs035e_3.jpg\" class=\"attachment-large size-large wp-image-29903\" alt=\"\" srcset=\"https:\/\/technomazon.com\/wp-content\/uploads\/2024\/11\/rs035e_3.jpg 597w, https:\/\/technomazon.com\/wp-content\/uploads\/2024\/11\/rs035e_3-430x429.jpg 430w, https:\/\/technomazon.com\/wp-content\/uploads\/2024\/11\/rs035e_3-150x150.jpg 150w, https:\/\/technomazon.com\/wp-content\/uploads\/2024\/11\/rs035e_3-301x300.jpg 301w\" sizes=\"auto, (max-width: 597px) 100vw, 597px\" \/>\t\t\t\t\t\t\t\t\t\t\t\t\t\t\t<\/div>\n\t\t\t\t<\/div>\n\t\t\t\t<\/div>\n\t\t<div class=\"elementor-element elementor-element-b6b7b11 e-con-full e-flex e-con e-child\" data-id=\"b6b7b11\" data-element_type=\"container\" data-e-type=\"container\">\n\t\t\t\t<div class=\"elementor-element elementor-element-d598f84 elementor-widget elementor-widget-heading\" data-id=\"d598f84\" data-element_type=\"widget\" data-e-type=\"widget\" data-widget_type=\"heading.default\">\n\t\t\t\t<div class=\"elementor-widget-container\">\n\t\t\t\t\t<h3 class=\"elementor-heading-title elementor-size-default\">Za tanku ili obojenu kosu <\/h3>\t\t\t\t<\/div>\n\t\t\t\t<\/div>\n\t\t\t\t<div class=\"elementor-element elementor-element-1f9e6ef elementor-widget elementor-widget-wd_text_block\" data-id=\"1f9e6ef\" data-element_type=\"widget\" data-e-type=\"widget\" data-widget_type=\"wd_text_block.default\">\n\t\t\t\t<div class=\"elementor-widget-container\">\n\t\t\t\t\t\t\t<div class=\"wd-text-block reset-last-child text-left\">\n\t\t\t\n\t\t\t<p>Elektri\u010dni uvija\u010di za kosu RS035E idealni su ako imate slabu, tanku ili obojenu kosu, tada koristite ni\u017eu temperaturu. Za gu\u0161\u0107u kosu mo\u017eete po \u017eelji koristiti vi\u0161u temperaturu.<\/p>\n\t\t\t\t\t<\/div>\n\t\t\t\t\t\t<\/div>\n\t\t\t\t<\/div>\n\t\t\t\t<div class=\"elementor-element elementor-element-6086a55 elementor-widget elementor-widget-heading\" data-id=\"6086a55\" data-element_type=\"widget\" data-e-type=\"widget\" data-widget_type=\"heading.default\">\n\t\t\t\t<div class=\"elementor-widget-container\">\n\t\t\t\t\t<h3 class=\"elementor-heading-title elementor-size-default\">3 veli\u010dine valjaka<\/h3>\t\t\t\t<\/div>\n\t\t\t\t<\/div>\n\t\t\t\t<div class=\"elementor-element elementor-element-41802e7 elementor-widget elementor-widget-wd_text_block\" data-id=\"41802e7\" data-element_type=\"widget\" data-e-type=\"widget\" data-widget_type=\"wd_text_block.default\">\n\t\t\t\t<div class=\"elementor-widget-container\">\n\t\t\t\t\t\t\t<div class=\"wd-text-block reset-last-child text-left\">\n\t\t\t\n\t\t\t<p>Pakiranje sadr\u017ei 3 veli\u010dine uvija\u010da s mekim vlaknima za postizanje razli\u010ditih frizura: 8 velikih (32 mm), 6 srednjih (25 mm) i 6 malih (19 mm) uvija\u010da.<\/p>\n\t\t\t\t\t<\/div>\n\t\t\t\t\t\t<\/div>\n\t\t\t\t<\/div>\n\t\t\t\t<\/div>\n\t\t\t\t\t<\/div>\n\t\t\t\t<\/div>\n\t\t<div class=\"wd-negative-gap elementor-element elementor-element-a0c0e35 e-flex e-con-boxed e-con e-parent\" data-id=\"a0c0e35\" data-element_type=\"container\" data-e-type=\"container\">\n\t\t\t\t\t<div class=\"e-con-inner\">\n\t\t<div class=\"elementor-element elementor-element-7ff40c2 e-con-full e-flex e-con e-child\" data-id=\"7ff40c2\" data-element_type=\"container\" data-e-type=\"container\">\n\t\t\t\t<div class=\"elementor-element elementor-element-b2945ad elementor-widget elementor-widget-image\" data-id=\"b2945ad\" data-element_type=\"widget\" data-e-type=\"widget\" data-widget_type=\"image.default\">\n\t\t\t\t<div class=\"elementor-widget-container\">\n\t\t\t\t\t\t\t\t\t\t\t\t\t\t\t<img loading=\"lazy\" decoding=\"async\" width=\"600\" height=\"600\" src=\"https:\/\/technomazon.com\/wp-content\/uploads\/2024\/11\/Elektricni-navijalki-RS035E-03.webp\" class=\"attachment-large size-large wp-image-28781\" alt=\"\" srcset=\"https:\/\/technomazon.com\/wp-content\/uploads\/2024\/11\/Elektricni-navijalki-RS035E-03.webp 600w, https:\/\/technomazon.com\/wp-content\/uploads\/2024\/11\/Elektricni-navijalki-RS035E-03-430x430.webp 430w, https:\/\/technomazon.com\/wp-content\/uploads\/2024\/11\/Elektricni-navijalki-RS035E-03-150x150.webp 150w, https:\/\/technomazon.com\/wp-content\/uploads\/2024\/11\/Elektricni-navijalki-RS035E-03-300x300.webp 300w\" sizes=\"auto, (max-width: 600px) 100vw, 600px\" \/>\t\t\t\t\t\t\t\t\t\t\t\t\t\t\t<\/div>\n\t\t\t\t<\/div>\n\t\t\t\t<\/div>\n\t\t<div class=\"elementor-element elementor-element-b986c0e e-con-full e-flex e-con e-child\" data-id=\"b986c0e\" data-element_type=\"container\" data-e-type=\"container\">\n\t\t\t\t<div class=\"elementor-element elementor-element-2e49084 elementor-widget elementor-widget-heading\" data-id=\"2e49084\" data-element_type=\"widget\" data-e-type=\"widget\" data-widget_type=\"heading.default\">\n\t\t\t\t<div class=\"elementor-widget-container\">\n\t\t\t\t\t<h3 class=\"elementor-heading-title elementor-size-default\">Pri\u010dvr\u0161\u0107ivanje namota\u010da<\/h3>\t\t\t\t<\/div>\n\t\t\t\t<\/div>\n\t\t\t\t<div class=\"elementor-element elementor-element-ff0656d elementor-widget elementor-widget-wd_text_block\" data-id=\"ff0656d\" data-element_type=\"widget\" data-e-type=\"widget\" data-widget_type=\"wd_text_block.default\">\n\t\t\t\t<div class=\"elementor-widget-container\">\n\t\t\t\t\t\t\t<div class=\"wd-text-block reset-last-child text-left\">\n\t\t\t\n\t\t\t<p>Paket uklju\u010duje kop\u010de za pri\u010dvr\u0161\u0107ivanje uvija\u010da kako ne bi o\u0161tetili kosu. Dobit \u0107ete prekrasne, dugotrajne kovr\u010de, ba\u0161 kao iz salona.<\/p>\n\t\t\t\t\t<\/div>\n\t\t\t\t\t\t<\/div>\n\t\t\t\t<\/div>\n\t\t\t\t<div class=\"elementor-element elementor-element-f2fcfe4 elementor-widget elementor-widget-heading\" data-id=\"f2fcfe4\" data-element_type=\"widget\" data-e-type=\"widget\" data-widget_type=\"heading.default\">\n\t\t\t\t<div class=\"elementor-widget-container\">\n\t\t\t\t\t<h3 class=\"elementor-heading-title elementor-size-default\">Brzo zagrijavanje<\/h3>\t\t\t\t<\/div>\n\t\t\t\t<\/div>\n\t\t\t\t<div class=\"elementor-element elementor-element-ccd6b98 elementor-widget elementor-widget-wd_text_block\" data-id=\"ccd6b98\" data-element_type=\"widget\" data-e-type=\"widget\" data-widget_type=\"wd_text_block.default\">\n\t\t\t\t<div class=\"elementor-widget-container\">\n\t\t\t\t\t\t\t<div class=\"wd-text-block reset-last-child text-left\">\n\t\t\t\n\t\t\t<p>Zagrijavaju se vrlo brzo, za samo 6 minuta, a temperatura se mo\u017ee podesiti od 90\u00b0C do 140\u00b0C. Za slabu, tanku ili obojenu kosu koristite ni\u017eu temperaturu, a za gu\u0161\u0107u kosu vi\u0161u temperaturu.<\/p>\n\t\t\t\t\t<\/div>\n\t\t\t\t\t\t<\/div>\n\t\t\t\t<\/div>\n\t\t\t\t<\/div>\n\t\t\t\t\t<\/div>\n\t\t\t\t<\/div>\n\t\t\t\t<\/div>","protected":false},"excerpt":{"rendered":"<p>\u017delite prekrasne valove, ali niste sigurni kako koristiti uvija\u010de za kosu ili peglu za ravnanje? Otkrijte elektri\u010dne uvija\u010de za kosu BaByliss Volume Curls RS035E. S ovim grijanim uvija\u010dima stvorit \u0107ete prekrasne, dugotrajne kovr\u010de u tren oka.<\/p>","protected":false},"featured_media":28780,"comment_status":"open","ping_status":"closed","template":"","meta":[],"product_brand":[],"product_cat":[170,78],"product_tag":[],"class_list":{"0":"post-28779","1":"product","2":"type-product","3":"status-publish","4":"has-post-thumbnail","6":"product_cat-kodralniki","7":"product_cat-za-zenske","8":"product_shipping_class-slomidi2","10":"first","11":"instock","12":"sale","13":"taxable","14":"shipping-taxable","15":"purchasable","16":"product-type-simple"},"_links":{"self":[{"href":"https:\/\/technomazon.com\/hr\/wp-json\/wp\/v2\/product\/28779","targetHints":{"allow":["GET"]}}],"collection":[{"href":"https:\/\/technomazon.com\/hr\/wp-json\/wp\/v2\/product"}],"about":[{"href":"https:\/\/technomazon.com\/hr\/wp-json\/wp\/v2\/types\/product"}],"replies":[{"embeddable":true,"href":"https:\/\/technomazon.com\/hr\/wp-json\/wp\/v2\/comments?post=28779"}],"version-history":[{"count":8,"href":"https:\/\/technomazon.com\/hr\/wp-json\/wp\/v2\/product\/28779\/revisions"}],"predecessor-version":[{"id":29907,"href":"https:\/\/technomazon.com\/hr\/wp-json\/wp\/v2\/product\/28779\/revisions\/29907"}],"wp:featuredmedia":[{"embeddable":true,"href":"https:\/\/technomazon.com\/hr\/wp-json\/wp\/v2\/media\/28780"}],"wp:attachment":[{"href":"https:\/\/technomazon.com\/hr\/wp-json\/wp\/v2\/media?parent=28779"}],"wp:term":[{"taxonomy":"product_brand","embeddable":true,"href":"https:\/\/technomazon.com\/hr\/wp-json\/wp\/v2\/product_brand?post=28779"},{"taxonomy":"product_cat","embeddable":true,"href":"https:\/\/technomazon.com\/hr\/wp-json\/wp\/v2\/product_cat?post=28779"},{"taxonomy":"product_tag","embeddable":true,"href":"https:\/\/technomazon.com\/hr\/wp-json\/wp\/v2\/product_tag?post=28779"}],"curies":[{"name":"wp","href":"https:\/\/api.w.org\/{rel}","templated":true}]}}